{"id":1022,"date":"2023-06-21T13:24:18","date_gmt":"2023-06-21T11:24:18","guid":{"rendered":"https:\/\/www.etetrad.org\/prodotto\/billets-2-jours-consecutifs\/"},"modified":"2025-07-30T14:41:47","modified_gmt":"2025-07-30T12:41:47","slug":"billets-2-jours-consecutifs","status":"publish","type":"product","link":"https:\/\/www.etetrad.org\/fr\/prodotto\/billets-2-jours-consecutifs\/","title":{"rendered":"Billets 2 jours cons\u00e9cutifs"},"content":{"rendered":"<p>Le billet comprend<br \/>\nl'entr\u00e9e \u00e0 ETETRAD et la participation aux concerts, danses et activit\u00e9s connexes sans frais suppl\u00e9mentaires.<br \/>\nLe bal\/concert du 26 ao\u00fbt sur la place Roncas \u00e0 Aoste \u00e0 21h00 est gratuit.<\/p>\n<h3>Billets \u00e0 tarif r\u00e9duit<\/h3>\n<p>Des billets \u00e0 tarif r\u00e9duit sont disponibles pour les personnes \u00e2g\u00e9es de 14 \u00e0 25 ans. Apr\u00e8s avoir achet\u00e9 un billet \u00e0 tarif r\u00e9duit, vous devrez vous pr\u00e9senter personnellement \u00e0 la billetterie de l'\u00e9v\u00e9nement ou de l'attraction pour retirer votre bracelet. Ce bracelet est la preuve de l'achat de votre billet et de la validit\u00e9 du prix r\u00e9duit. Le bracelet peut \u00eatre demand\u00e9 pour acc\u00e9der \u00e0 l'\u00e9v\u00e9nement ou \u00e0 l'attraction, et le personnel pourra v\u00e9rifier sa pr\u00e9sence lors de la visite. Lors du retrait du bracelet, il est important d'\u00eatre en possession d'une pi\u00e8ce d'identit\u00e9 valide. En g\u00e9n\u00e9ral, les documents tels que la carte d'identit\u00e9, le passeport ou le permis de conduire sont accept\u00e9s. La carte d'identit\u00e9 est n\u00e9cessaire pour v\u00e9rifier l'identit\u00e9 du d\u00e9tenteur du billet \u00e0 tarif r\u00e9duit et pour s'assurer que la personne qui a achet\u00e9 le billet est bien pr\u00e9sente lors du retrait du bracelet.<\/p>\n","protected":false},"excerpt":{"rendered":"<p>Le billet comprend l'entr\u00e9e \u00e0 ETETRAD et la participation aux concerts, danses et activit\u00e9s connexes sans frais suppl\u00e9mentaires. Le bal\/concert du 26 ao\u00fbt sur la place Roncas \u00e0 Aoste \u00e0 21h00 est gratuit. Billets \u00e0 tarif r\u00e9duit Des billets \u00e0 tarif r\u00e9duit sont disponibles pour les personnes \u00e2g\u00e9es de 14 \u00e0 25 ans. Apr\u00e8s avoir [&hellip;]<\/p>\n","protected":false},"featured_media":742,"template":"","meta":{"_acf_changed":false},"product_brand":[],"product_cat":[42],"product_tag":[],"class_list":{"0":"post-1022","1":"product","2":"type-product","3":"status-publish","4":"has-post-thumbnail","6":"product_cat-2-jours","8":"first","9":"instock","10":"taxable","11":"shipping-taxable","12":"purchasable","13":"product-type-variable"},"acf":[],"_links":{"self":[{"href":"https:\/\/www.etetrad.org\/fr\/wp-json\/wp\/v2\/product\/1022","targetHints":{"allow":["GET"]}}],"collection":[{"href":"https:\/\/www.etetrad.org\/fr\/wp-json\/wp\/v2\/product"}],"about":[{"href":"https:\/\/www.etetrad.org\/fr\/wp-json\/wp\/v2\/types\/product"}],"wp:featuredmedia":[{"embeddable":true,"href":"https:\/\/www.etetrad.org\/fr\/wp-json\/wp\/v2\/media\/742"}],"wp:attachment":[{"href":"https:\/\/www.etetrad.org\/fr\/wp-json\/wp\/v2\/media?parent=1022"}],"wp:term":[{"taxonomy":"product_brand","embeddable":true,"href":"https:\/\/www.etetrad.org\/fr\/wp-json\/wp\/v2\/product_brand?post=1022"},{"taxonomy":"product_cat","embeddable":true,"href":"https:\/\/www.etetrad.org\/fr\/wp-json\/wp\/v2\/product_cat?post=1022"},{"taxonomy":"product_tag","embeddable":true,"href":"https:\/\/www.etetrad.org\/fr\/wp-json\/wp\/v2\/product_tag?post=1022"}],"curies":[{"name":"wp","href":"https:\/\/api.w.org\/{rel}","templated":true}]}}