{"id":408,"date":"2021-03-15T15:21:55","date_gmt":"2021-03-15T14:21:55","guid":{"rendered":"https:\/\/www.etetrad.org\/pagina-di-esempio\/"},"modified":"2025-08-07T14:24:13","modified_gmt":"2025-08-07T12:24:13","slug":"pagina-di-esempio","status":"publish","type":"page","link":"https:\/\/www.etetrad.org\/fr\/","title":{"rendered":"Home page"},"content":{"rendered":"<p>Festival International de Nouvelles Musiques Traditionnelles en Vall\u00e9e d'Aoste, c\u00e9l\u00e8bre sa 27e \u00e9dition avec un nouveau plan triennal, projet\u00e9 sur les \u00e9ditions 2025, 2026 et 2027. Le programme est li\u00e9 narrativement et m\u00e9taphoriquement au plus haut sommet d'Europe, le Mont Blanc, et aux territoires qui ont propuls\u00e9 son d\u00e9veloppement culturel et ethnomusicologique depuis la nuit des temps : la France, la Suisse et enfin l'Italie.<br \/>\nFort de son approche hybride, d\u00e9sormais consolid\u00e9e depuis des d\u00e9cennies, ETETRAD offre aux passionn\u00e9s du monde entier une plateforme fertile pour des projets pr\u00e9sent\u00e9s dans un style classique et d'autres destin\u00e9s \u00e0 un public participant activement \u00e0 la danse au rythme des projets musicaux les plus ambitieux, exp\u00e9rimentaux et historiquement solides qui viennent en Vall\u00e9e d'Aoste de toute l'Europe et d'ailleurs pour illuminer l'\u00e9t\u00e9 dans cette magnifique r\u00e9gion, riche de beaut\u00e9 et d'histoire. Le caract\u00e8re multilingue de cette r\u00e9gion autonome \u00e0 statut sp\u00e9cial, qui, depuis sa fondation romaine en 25 av. J.-C., a d\u00e9j\u00e0 mis en \u00e9vidence sa position g\u00e9ographique centrale gr\u00e2ce aux connexions transalpines qui lui ont valu le surnom de \u00ab Carrefour de l'Europe \u00bb, conf\u00e8re \u00e0 la Vall\u00e9e d'Aoste la dimension \u00e9lective d'un lieu de rencontre entre peuples et cultures. \u00c0 ETETRAD, ces cultures se confrontent sous la bonne \u00e9toile de la musique, non pas avec le regard nostalgique et d\u00e9suet du folklore, mais avec le regard visionnaire et courageux de ceux qui cherchent \u00e0 r\u00e9concilier le pass\u00e9 avec un pr\u00e9sent dont les signes de ralentissement culturel et spirituel trouvent un r\u00e9confort dans des valeurs ancestrales telles que le dialogue, l'\u00e9change et la jouissance collective de la beaut\u00e9.<\/p>\n<p>Des \u00e9v\u00e9nements seront donc organis\u00e9s, mettant principalement l'accent sur des productions fran\u00e7aises pour l'\u00e9dition 2025, suisses pour l'\u00e9dition 2026 et de diverses r\u00e9gions d'Italie, dont la Vall\u00e9e d'Aoste, pour l'\u00e9dition 2027. L'ouverture internationale, inscrite dans l'ADN de l'\u00e9v\u00e9nement, sera \u00e9galement pr\u00e9serv\u00e9e, avec une programmation r\u00e9guli\u00e8re de concerts mettant en avant des musiques du monde entier. En plus des performances, ETETRAD emm\u00e8ne son public dans un voyage immersif comprenant des s\u00e9ances de formation (cours de musique d\u2019ensemble, de chant et de danse), des espaces d\u00e9di\u00e9s aux enfants, \u00e0 l'oenogastronomie, et une exposition qui fournira un compte rendu d\u00e9taill\u00e9 de l'art de fabriquer des instruments traditionnels, pass\u00e9s et pr\u00e9sents.<\/p>\n<h3>Mardi 26 Ao\u00fbt 2025 - Aoste<\/h3>\n<h3>Du 27 au 30 ao\u00fbt 2025 - F\u00e9nis<\/h3>\n","protected":false},"excerpt":{"rendered":"<p>Festival International de Nouvelles Musiques Traditionnelles en Vall\u00e9e d'Aoste, c\u00e9l\u00e8bre sa 27e \u00e9dition avec un nouveau plan triennal, projet\u00e9 sur les \u00e9ditions 2025, 2026 et 2027. Le programme est li\u00e9 narrativement et m\u00e9taphoriquement au plus haut sommet d'Europe, le Mont Blanc, et aux territoires qui ont propuls\u00e9 son d\u00e9veloppement culturel et ethnomusicologique depuis la nuit [&hellip;]<\/p>\n","protected":false},"author":1,"featured_media":0,"parent":0,"menu_order":5,"comment_status":"closed","ping_status":"open","template":"","meta":{"_acf_changed":false,"footnotes":""},"class_list":["post-408","page","type-page","status-publish","hentry"],"acf":[],"_links":{"self":[{"href":"https:\/\/www.etetrad.org\/fr\/wp-json\/wp\/v2\/pages\/408","targetHints":{"allow":["GET"]}}],"collection":[{"href":"https:\/\/www.etetrad.org\/fr\/wp-json\/wp\/v2\/pages"}],"about":[{"href":"https:\/\/www.etetrad.org\/fr\/wp-json\/wp\/v2\/types\/page"}],"author":[{"embeddable":true,"href":"https:\/\/www.etetrad.org\/fr\/wp-json\/wp\/v2\/users\/1"}],"replies":[{"embeddable":true,"href":"https:\/\/www.etetrad.org\/fr\/wp-json\/wp\/v2\/comments?post=408"}],"version-history":[{"count":72,"href":"https:\/\/www.etetrad.org\/fr\/wp-json\/wp\/v2\/pages\/408\/revisions"}],"predecessor-version":[{"id":1949,"href":"https:\/\/www.etetrad.org\/fr\/wp-json\/wp\/v2\/pages\/408\/revisions\/1949"}],"wp:attachment":[{"href":"https:\/\/www.etetrad.org\/fr\/wp-json\/wp\/v2\/media?parent=408"}],"curies":[{"name":"wp","href":"https:\/\/api.w.org\/{rel}","templated":true}]}}